{"id":114,"date":"2025-08-12T08:27:11","date_gmt":"2025-08-12T08:27:11","guid":{"rendered":"https:\/\/www.holzbau-paulik.de\/?page_id=114"},"modified":"2025-08-12T18:42:14","modified_gmt":"2025-08-12T18:42:14","slug":"ueber-uns","status":"publish","type":"page","link":"https:\/\/www.holzbau-paulik.de\/?page_id=114","title":{"rendered":"\u00dcber uns"},"content":{"rendered":"\n<figure class=\"wp-block-image aligncenter size-large is-resized\"><img loading=\"lazy\" decoding=\"async\" width=\"1024\" height=\"683\" src=\"https:\/\/www.holzbau-paulik.de\/wp-content\/uploads\/2025\/08\/pexels-lexovertoom-1109541-1024x683.jpg\" alt=\"\" class=\"wp-image-182\" style=\"width:381px;height:auto\" srcset=\"https:\/\/www.holzbau-paulik.de\/wp-content\/uploads\/2025\/08\/pexels-lexovertoom-1109541-1024x683.jpg 1024w, https:\/\/www.holzbau-paulik.de\/wp-content\/uploads\/2025\/08\/pexels-lexovertoom-1109541-300x200.jpg 300w, https:\/\/www.holzbau-paulik.de\/wp-content\/uploads\/2025\/08\/pexels-lexovertoom-1109541-768x512.jpg 768w, https:\/\/www.holzbau-paulik.de\/wp-content\/uploads\/2025\/08\/pexels-lexovertoom-1109541-1536x1024.jpg 1536w, https:\/\/www.holzbau-paulik.de\/wp-content\/uploads\/2025\/08\/pexels-lexovertoom-1109541-2048x1365.jpg 2048w\" sizes=\"auto, (max-width: 1024px) 100vw, 1024px\" \/><\/figure>\n\n\n\n<div class=\"wp-block-group alignfull has-global-padding is-layout-constrained wp-container-core-group-is-layout-d89aad35 wp-block-group-is-layout-constrained\" style=\"margin-top:0;margin-bottom:0;padding-top:var(--wp--preset--spacing--50);padding-right:var(--wp--preset--spacing--50);padding-bottom:var(--wp--preset--spacing--50);padding-left:var(--wp--preset--spacing--50)\">\n<div class=\"wp-block-group alignwide has-global-padding is-layout-constrained wp-container-core-group-is-layout-19e250f3 wp-block-group-is-layout-constrained\">\n<div class=\"wp-block-group is-vertical is-content-justification-center is-layout-flex wp-container-core-group-is-layout-6329a8f3 wp-block-group-is-layout-flex\">\n<h2 class=\"wp-block-heading has-text-align-center is-style-asterisk\">Ihr Holzbaubetrieb und Architekturb\u00fcro<\/h2>\n\n\n\n<div style=\"height:42px\" aria-hidden=\"true\" class=\"wp-block-spacer wp-container-content-83393143\"><\/div>\n\n\n\n<p class=\"has-text-align-left\">Seit \u00fcber 50 Jahren steht unser familiengef\u00fchrter Holzbaubetrieb in der dritten Generation f\u00fcr h\u00f6chste Qualit\u00e4t und echte Handwerkskunst. Unsere Leidenschaft f\u00fcr Holzbau, Ingenieurwesen und Architektur verbindet Tradition mit Innovation \u2013 so entstehen bei uns nachhaltige und ma\u00dfgeschneiderte L\u00f6sungen. <\/p>\n\n\n\n<p class=\"has-text-align-left\">Als erfahrene Experten in Neuburg-Schrobenhausen und Umgebung bieten wir Ihnen sowohl klassische Zimmereiarbeiten als auch moderne Holzbauten. Dabei setzen wir auf eine enge Zusammenarbeit mit unseren Kunden, um individuelle und au\u00dfergew\u00f6hnliche Projekte ganz nach Ihren Vorstellungen zu realisieren.<\/p>\n<\/div>\n<\/div>\n<\/div>\n","protected":false},"excerpt":{"rendered":"<p>Ihr Holzbaubetrieb und Architekturb\u00fcro Seit \u00fcber 50 Jahren steht unser familiengef\u00fchrter Holzbaubetrieb in der dritten Generation f\u00fcr h\u00f6chste Qualit\u00e4t und echte Handwerkskunst. Unsere Leidenschaft f\u00fcr Holzbau, Ingenieurwesen und Architektur verbindet Tradition mit Innovation \u2013 so entstehen bei uns nachhaltige und ma\u00dfgeschneiderte L\u00f6sungen. Als erfahrene Experten in Neuburg-Schrobenhausen und Umgebung bieten wir Ihnen sowohl klassische Zimmereiarbeiten [&hellip;]<\/p>\n","protected":false},"author":1,"featured_media":0,"parent":0,"menu_order":0,"comment_status":"closed","ping_status":"closed","template":"","meta":{"ngg_post_thumbnail":0,"footnotes":""},"class_list":["post-114","page","type-page","status-publish","hentry"],"_links":{"self":[{"href":"https:\/\/www.holzbau-paulik.de\/index.php?rest_route=\/wp\/v2\/pages\/114","targetHints":{"allow":["GET"]}}],"collection":[{"href":"https:\/\/www.holzbau-paulik.de\/index.php?rest_route=\/wp\/v2\/pages"}],"about":[{"href":"https:\/\/www.holzbau-paulik.de\/index.php?rest_route=\/wp\/v2\/types\/page"}],"author":[{"embeddable":true,"href":"https:\/\/www.holzbau-paulik.de\/index.php?rest_route=\/wp\/v2\/users\/1"}],"replies":[{"embeddable":true,"href":"https:\/\/www.holzbau-paulik.de\/index.php?rest_route=%2Fwp%2Fv2%2Fcomments&post=114"}],"version-history":[{"count":6,"href":"https:\/\/www.holzbau-paulik.de\/index.php?rest_route=\/wp\/v2\/pages\/114\/revisions"}],"predecessor-version":[{"id":184,"href":"https:\/\/www.holzbau-paulik.de\/index.php?rest_route=\/wp\/v2\/pages\/114\/revisions\/184"}],"wp:attachment":[{"href":"https:\/\/www.holzbau-paulik.de\/index.php?rest_route=%2Fwp%2Fv2%2Fmedia&parent=114"}],"curies":[{"name":"wp","href":"https:\/\/api.w.org\/{rel}","templated":true}]}}